{"id":448,"date":"2017-02-08T08:51:23","date_gmt":"2017-02-08T07:51:23","guid":{"rendered":"http:\/\/www.etv.ietu.pl\/mapa-strony\/"},"modified":"2017-04-03T13:25:36","modified_gmt":"2017-04-03T11:25:36","slug":"site-map","status":"publish","type":"page","link":"https:\/\/etv.ietu.pl\/en\/site-map\/","title":{"rendered":"Site map"},"content":{"rendered":"<div id=\"pl-448\"  class=\"panel-layout\" ><div id=\"pg-448-0\"  class=\"panel-grid panel-has-style\" ><div class=\"background_repeat panel-row-style panel-row-style-for-448-0\" ><div id=\"pgc-448-0-0\"  class=\"panel-grid-cell\" ><div class=\"so-wrapper textwidget content-black\" style=\"\">\r\n     <div class=\"wsp-container\"><h2 class=\"wsp-pages-title\">Strony<\/h2>\n<ul class=\"wsp-pages-list\">\n<li class=\"page_item page-item-13 current_page_parent\"><a href=\"https:\/\/etv.ietu.pl\/aktualnosci\/\">Aktualno\u015bci<\/a><\/li>\n<li class=\"page_item page-item-1617\"><a href=\"https:\/\/etv.ietu.pl\/deklaracja-dostepnosci\/\">Deklaracja dost\u0119pno\u015bci<\/a><\/li>\n<li class=\"page_item page-item-55 page_item_has_children\"><a href=\"https:\/\/etv.ietu.pl\/informacje-dodatkowe\/\">Informacje dodatkowe<\/a>\n<ul class='children'>\n\t<li class=\"page_item page-item-34\"><a href=\"https:\/\/etv.ietu.pl\/informacje-dodatkowe\/do-pobrania\/\">Do pobrania<\/a><\/li>\n\t<li class=\"page_item page-item-76\"><a href=\"https:\/\/etv.ietu.pl\/informacje-dodatkowe\/faq\/\">FAQ<\/a><\/li>\n\t<li class=\"page_item page-item-36\"><a href=\"https:\/\/etv.ietu.pl\/informacje-dodatkowe\/linki\/\">Linki<\/a><\/li>\n\t<li class=\"page_item page-item-1334\"><a href=\"https:\/\/etv.ietu.pl\/informacje-dodatkowe\/wspolpraca\/\">Wsp\u00f3\u0142praca<\/a><\/li>\n\t<li class=\"page_item page-item-1236\"><a href=\"https:\/\/etv.ietu.pl\/informacje-dodatkowe\/finansowanie\/\">Finansowanie<\/a><\/li>\n<\/ul>\n<\/li>\n<li class=\"page_item page-item-57\"><a href=\"https:\/\/etv.ietu.pl\/kontakt\/\">Kontakt<\/a><\/li>\n<li class=\"page_item page-item-81\"><a href=\"https:\/\/etv.ietu.pl\/mapa-strony\/\">Mapa strony<\/a><\/li>\n<li class=\"page_item page-item-50\"><a href=\"https:\/\/etv.ietu.pl\/o-etv\/\">O ETV<\/a><\/li>\n<li class=\"page_item page-item-27\"><a href=\"https:\/\/etv.ietu.pl\/o-nas\/\">O nas<\/a><\/li>\n<li class=\"page_item page-item-798\"><a href=\"https:\/\/etv.ietu.pl\/o-projekcie-etv4water\/\">O projekcie ETV4Water<\/a><\/li>\n<li class=\"page_item page-item-159 page_item_has_children\"><a href=\"https:\/\/etv.ietu.pl\/oferta\/\">Oferta<\/a>\n<ul class='children'>\n\t<li class=\"page_item page-item-70\"><a href=\"https:\/\/etv.ietu.pl\/oferta\/finansowanie\/\">Finansowanie<\/a><\/li>\n\t<li class=\"page_item page-item-52\"><a href=\"https:\/\/etv.ietu.pl\/oferta\/nasza-usluga\/\">Nasza us\u0142uga<\/a><\/li>\n\t<li class=\"page_item page-item-1864\"><a href=\"https:\/\/etv.ietu.pl\/oferta\/nasza-usluga-2\/\">Nasza us\u0142uga<\/a><\/li>\n<\/ul>\n<\/li>\n<li class=\"page_item page-item-305\"><a href=\"https:\/\/etv.ietu.pl\/panel-klienta\/\">Panel klienta<\/a><\/li>\n<li class=\"page_item page-item-79\"><a href=\"https:\/\/etv.ietu.pl\/polityka-prywatnosci\/\">Polityka prywatno\u015bci<\/a><\/li>\n<li class=\"page_item page-item-2\"><a href=\"https:\/\/etv.ietu.pl\/\">Strona g\u0142\u00f3wna<\/a><\/li>\n<li class=\"page_item page-item-32\"><a href=\"https:\/\/etv.ietu.pl\/zweryfikowane-technologie\/\">Zweryfikowane technologie<\/a><\/li>\n<\/ul>\n<h2 class=\"wsp-posts-title\">Wpisy podzielone na kategorie<\/h2>\n<ul class=\"wsp-posts-list\">\n\t<li><strong class=\"wsp-category-title\">Kategorie: <a href=\"https:\/\/etv.ietu.pl\/category\/bez-kategorii\/\">Bez kategorii<\/a><\/strong>\n<ul class=\"wsp-posts-list\">\t\t<li class=\"wsp-post\"><a href=\"https:\/\/etv.ietu.pl\/dodatkowe-punkty-dla-wnioskodawcow-programu-nfosigw-innowacje-dla-srodowiska-posiadajacych-swiadectwo-weryfikacji-etv\/\">Dodatkowe punkty dla wnioskodawc\u00f3w programu NFO\u015aiGW \u201eInnowacje dla \u015arodowiska\u201d posiadaj\u0105cych \u015awiadectwo Weryfikacji ETV<\/a><\/li>\n\t\t<li class=\"wsp-post\"><a href=\"https:\/\/etv.ietu.pl\/komisja-europejska-zamyka-program-eu-etv\/\">Komisja Europejska zamyka program EU ETV<\/a><\/li>\n\t\t<li class=\"wsp-post\"><a href=\"https:\/\/etv.ietu.pl\/save-the-date-v-forum-interesariuszy-etv\/\">SAVE THE DATE: V Forum Interesariuszy ETV<\/a><\/li>\n\t\t<li class=\"wsp-post\"><a href=\"https:\/\/etv.ietu.pl\/nowy-zakres-akredytacji-jwts-ietu\/\">Nowy zakres akredytacji JWT\u015a-IETU<\/a><\/li>\n\t\t<li class=\"wsp-post\"><a href=\"https:\/\/etv.ietu.pl\/jwts-ietu-przedluza-akredytacje-na-kolejny-cykl-akredytacji-tj-do-2024-roku\/\">JWT\u015a-IETU przed\u0142u\u017ca akredytacj\u0119 na kolejny cykl akredytacji tj. do 2024 roku<\/a><\/li>\n\t\t<li class=\"wsp-post\"><a href=\"https:\/\/etv.ietu.pl\/odwiedz-nas-na-targach-aquatech-amsterdam-2019-5-8-listopada-2019\/\">Odwied\u017a nas na Targach Aquatech Amsterdam 2019 | 5-8 listopada 2019<\/a><\/li>\n\t\t<li class=\"wsp-post\"><a href=\"https:\/\/etv.ietu.pl\/zapraszamy-na-prezentacje-ietu-na-targach-pol-eco-system-2019-2\/\">Zapraszamy na prezentacje IETU na Targach POL-ECO-SYSTEM 2019<\/a><\/li>\n\t\t<li class=\"wsp-post\"><a href=\"https:\/\/etv.ietu.pl\/nowe-doniesienia-ze-swiata-verifiglobal-2-2-2\/\">Nowe doniesienia ze \u015bwiata &#8211; VerifiGlobal<\/a><\/li>\n\t\t<li class=\"wsp-post\"><a href=\"https:\/\/etv.ietu.pl\/jak-zbudowac-przewage-konkurencyjna-na-rynku-technologii-wodno-sciekowych-dzieki-etv\/\">Jak zbudowa\u0107 przewag\u0119 konkurencyjn\u0105 na rynku technologii wodno-\u015bciekowych dzi\u0119ki ETV\u2026<\/a><\/li>\n\t\t<li class=\"wsp-post\"><a href=\"https:\/\/etv.ietu.pl\/jak-zbudowac-przewage-konkurencyjna-na-rynku-technologii-wodno-sciekowych-dzieki-etv-seminarium\/\">Zaproszenie na seminarium \u2013 Jak zbudowa\u0107 przewag\u0119 konkurencyjn\u0105 na rynku technologii wodno-\u015bciekowych dzi\u0119ki ETV<\/a><\/li>\n\t\t<li class=\"wsp-post\"><a href=\"https:\/\/etv.ietu.pl\/zaproszenie-na-szkolenie-nfosigw-z-mozliwosci-pozyskania-dofinansowania-na-weryfikacje-innowacyjnych-technologii-etv-w-ramach-programu-sokol\/\">Zaproszenie na szkolenie NFO\u015aiGW z mo\u017cliwo\u015bci pozyskania dofinansowania na weryfikacje innowacyjnych technologii ETV w ramach programu Sok\u00f3\u0142<\/a><\/li>\n\t\t<li class=\"wsp-post\"><a href=\"https:\/\/etv.ietu.pl\/nowe-doniesienia-ze-swiata-verifiglobal-2-2\/\">Nowe doniesienia ze \u015bwiata &#8211; VerifiGlobal<\/a><\/li>\n\t\t<li class=\"wsp-post\"><a href=\"https:\/\/etv.ietu.pl\/zwiekszono-dotacje-dla-przedsiebiorcow-na-swiadectwa-weryfikacji-innowacyjnych-technologii\/\">Zwi\u0119kszono dotacje dla przedsi\u0119biorc\u00f3w na \u015awiadectwa Weryfikacji innowacyjnych technologii<\/a><\/li>\n\t\t<li class=\"wsp-post\"><a href=\"https:\/\/etv.ietu.pl\/nowe-doniesienia-ze-swiata-verifiglobal-2\/\">Nowe doniesienia ze \u015bwiata &#8211; VerifiGlobal<\/a><\/li>\n\t\t<li class=\"wsp-post\"><a href=\"https:\/\/etv.ietu.pl\/proces-weryfikacji-technologii-srodowiskowych-juz-znormalizowany-w-polsce\/\">Proces weryfikacji technologii \u015brodowiskowych ju\u017c znormalizowany w Polsce<\/a><\/li>\n\t\t<li class=\"wsp-post\"><a href=\"https:\/\/etv.ietu.pl\/nowe-doniesienia-ze-swiata-verifiglobal\/\">Nowe doniesienia ze \u015bwiata &#8211; VerifiGlobal<\/a><\/li>\n\t\t<li class=\"wsp-post\"><a href=\"https:\/\/etv.ietu.pl\/usluga-weryfikacji-innowacyjnych-technologii-na-targach-ifat-w-monachium\/\">Us\u0142uga weryfikacji innowacyjnych technologii na Targach IFAT w Monachium<\/a><\/li>\n\t\t<li class=\"wsp-post\"><a href=\"https:\/\/etv.ietu.pl\/jwts-ietu-z-oferta-weryfikacji-technologii-dla-gospodarki-wodno-sciekowej-w-chinach\/\">JWT\u015a-IETU z ofert\u0105 weryfikacji technologii dla gospodarki wodno-\u015bciekowej w Chinach<\/a><\/li>\n\t\t<li class=\"wsp-post\"><a href=\"https:\/\/etv.ietu.pl\/jwts-ietu-zaprezentuje-oferte-weryfikacji-w-chinach\/\">JWT\u015a IETU zaprezentuje ofert\u0119 weryfikacji technologii dla gospodarki wodno-\u015bciekowej w Chinach<\/a><\/li>\n\t\t<li class=\"wsp-post\"><a href=\"https:\/\/etv.ietu.pl\/kwr-water-research-institute-partnerem-jwts-ietu\/\">KWR Water Research Institute partnerem JWT\u015a IETU<\/a><\/li>\n\t\t<li class=\"wsp-post\"><a href=\"https:\/\/etv.ietu.pl\/jwts-ietu-czlonkiem-verifiglobal-alliance\/\">JWT\u015a-IETU cz\u0142onkiem VerifiGlobal Alliance<\/a><\/li>\n\t\t<li class=\"wsp-post\"><a href=\"https:\/\/etv.ietu.pl\/jwts-ietu-na-targach-aqua-netherland-2018-13-marca-15-marca\/\">JWT\u015a-IETU na targach Aqua Netherland 2018 | 13 marca \u2013 15 marca<\/a><\/li>\n\t\t<li class=\"wsp-post\"><a href=\"https:\/\/etv.ietu.pl\/jwts-ietu-na-targach-aquatech-amsterdam-2017-31-pazdziernika-3-listopada\/\">JWT\u015a-IETU na targach AQUATECH Amsterdam 2017 | 31 pa\u017adziernika \u2013 3 listopada<\/a><\/li>\n\t\t<li class=\"wsp-post\"><a href=\"https:\/\/etv.ietu.pl\/projekt-etv4water\/\">Projekt ETV4Water<\/a><\/li>\n\t\t<li class=\"wsp-post\"><a href=\"https:\/\/etv.ietu.pl\/juz-teraz-w-jwts-ietu-zweryfikujesz-technologie-do-monitoringu-wody-i-sciekow\/\">Ju\u017c teraz w JWT\u015a-IETU zweryfikujesz technologi\u0119 do monitoringu wody i \u015bciek\u00f3w<\/a><\/li>\n\t\t<li class=\"wsp-post\"><a href=\"https:\/\/etv.ietu.pl\/wykorzystanie-etv-w-sektorze-wodno-sciekowym-polski-i-norwegii\/\">Wykorzystanie ETV w sektorze wodno-\u015bciekowym Polski i Norwegii<\/a><\/li>\n\t\t<li class=\"wsp-post\"><a href=\"https:\/\/etv.ietu.pl\/dofinansowanie-do-weryfikacji-etv-juz-dostepne\/\">Dofinansowanie do weryfikacji ETV ju\u017c dost\u0119pne<\/a><\/li>\n\t\t<li class=\"wsp-post\"><a href=\"https:\/\/etv.ietu.pl\/szkolenie-dofinansowanie-weryfikacji-etv-eu\/\">Szkolenie z mo\u017cliwo\u015bci pozyskania dofinansowania na weryfikacj\u0119 innowacyjnej technologii w ramach ETV EU<\/a><\/li>\n\t\t<li class=\"wsp-post\"><a href=\"https:\/\/etv.ietu.pl\/relacja-z-targow-wasser-berlin-2017\/\">Relacja z Targ\u00f3w Wasser Berlin 2017<\/a><\/li>\n\t\t<li class=\"wsp-post\"><a href=\"https:\/\/etv.ietu.pl\/pia-prufinstitut-fur-abwassertechnik-gmbh-z-niemiec-partnerem-jwts-ietu\/\">PIA Pr\u00fcfinstitut f\u00fcr Abwassertechnik GmbH z Niemiec partnerem JWT\u015a-IETU<\/a><\/li>\n\t\t<li class=\"wsp-post\"><a href=\"https:\/\/etv.ietu.pl\/odwiedz-nas-na-targach-wasser-berlin-28-31-marca-2017\/\">Odwied\u017a nas na Targach Wasser Berlin 28-31 marca 2017<\/a><\/li>\n\t\t<li class=\"wsp-post\"><a href=\"https:\/\/etv.ietu.pl\/jwts-ietu-na-xii-konferencji-ochrony-srodowiska-w-energetyce-i-cieplownictwie\/\">JWT\u015a IETU na XII Konferencji Ochrony \u015arodowiska w Energetyce i Ciep\u0142ownictwie<\/a><\/li>\n\t\t<li class=\"wsp-post\"><a href=\"https:\/\/etv.ietu.pl\/publikacja-normy-etv-iso-14034\/\">Publikacja normy ETV  ISO 14034<\/a><\/li>\n<\/ul><\/li>\n<\/ul>\n<\/div><\/div>\r\n<\/div><\/div><\/div><div id=\"pg-448-1\"  class=\"panel-grid panel-has-style\" ><div class=\"siteorigin-panels-stretch background_repeat bg-center panel-row-style panel-row-style-for-448-1\" data-stretch-type=\"full-stretched\" ><div id=\"pgc-448-1-0\"  class=\"panel-grid-cell\" >\r\n<div id=\"map\" style=\" min-height:500px; \"><\/div>\r\n\r\n<script type=\"text\/javascript\" src=\"https:\/\/maps.googleapis.com\/maps\/api\/js?key=AIzaSyDVH9EiY1ZS3hpniXMF3KkaT9c_eBa7vNQ\"><\/script>\r\n<script type=\"text\/javascript\">\r\n  function initialize() {\r\n      var block_bg = colorToHex('#FFFFFF'),\r\n              map_data = jQuery(\"#map-canvas\").data(),\r\n\r\n              map_canvas = document.getElementById('map'),\r\n              pos = new google.maps.LatLng(50.2656219,18.9758666),\r\n\r\n              map_type = 'roadmap' == 'hybrid' ? google.maps.MapTypeId.HYBRID : google.maps.MapTypeId.ROADMAP,\r\n\r\n              map = new google.maps.Map(map_canvas, {\r\n                  center: pos,\r\n                  zoom: 15,\r\n                 \/\/ mapTypeId: map_type,\r\n                  scaleControl: false,\r\n                  zoomControl: false,\r\n                  panControl: false,\r\n                  overviewMapControl: false,\r\n                  scrollwheel: false,\r\n                  draggable: false,\r\n                  navigationControl: false,\r\n                  mapTypeControl: false,\r\n                  scaleControl: false,\r\n                  disableDoubleClickZoom: true\r\n              }),\r\n              grayscale =[{\"featureType\":\"all\",\"elementType\":\"labels.text.fill\",\"stylers\":[{\"saturation\":36},{\"color\":\"#000000\"},{\"lightness\":40}]},{\"featureType\":\"all\",\"elementType\":\"labels.text.stroke\",\"stylers\":[{\"visibility\":\"on\"},{\"color\":\"#000000\"},{\"lightness\":16}]},{\"featureType\":\"all\",\"elementType\":\"labels.icon\",\"stylers\":[{\"visibility\":\"off\"}]},{\"featureType\":\"administrative\",\"elementType\":\"geometry.fill\",\"stylers\":[{\"color\":\"#000000\"},{\"lightness\":20}]},{\"featureType\":\"administrative\",\"elementType\":\"geometry.stroke\",\"stylers\":[{\"color\":\"#000000\"},{\"lightness\":17},{\"weight\":1.2}]},{\"featureType\":\"landscape\",\"elementType\":\"geometry\",\"stylers\":[{\"color\":\"#000000\"},{\"lightness\":20}]},{\"featureType\":\"poi\",\"elementType\":\"geometry\",\"stylers\":[{\"color\":\"#000000\"},{\"lightness\":21}]},{\"featureType\":\"road.highway\",\"elementType\":\"geometry.fill\",\"stylers\":[{\"color\":\"#000000\"},{\"lightness\":17}]},{\"featureType\":\"road.highway\",\"elementType\":\"geometry.stroke\",\"stylers\":[{\"color\":\"#000000\"},{\"lightness\":29},{\"weight\":0.2}]},{\"featureType\":\"road.arterial\",\"elementType\":\"geometry\",\"stylers\":[{\"color\":\"#000000\"},{\"lightness\":18}]},{\"featureType\":\"road.local\",\"elementType\":\"geometry\",\"stylers\":[{\"color\":\"#000000\"},{\"lightness\":16}]},{\"featureType\":\"transit\",\"elementType\":\"geometry\",\"stylers\":[{\"color\":\"#000000\"},{\"lightness\":19}]},{\"featureType\":\"water\",\"elementType\":\"geometry\",\"stylers\":[{\"color\":\"#000000\"},{\"lightness\":17}]},{\"featureType\":\"poi\",\"elementType\":\"all\",\"stylers\":[{\"visibility\":\"off\"}]}],\r\n              mapType = new google.maps.StyledMapType(grayscale, {name: \"Grayscale Map\"});\r\n\r\n      if (!jQuery('.block_bg_color').hasClass('no_map_styling')) {\r\n          map.mapTypes.set('grayscale', mapType);\r\n          map.setMapTypeId('grayscale');\r\n      }\r\n\r\n\r\n      \/\/ Marker\r\n      var marker = new google.maps.Marker({\r\n          position: new google.maps.LatLng(50.2656219,18.9758666),\r\n          map: map,\r\n          title: 'JWT\u015a',\r\n          icon: 'https:\/\/etv.ietu.pl\/wp-content\/themes\/jwts-2016\/img\/pin.png'\r\n      });\r\n\r\n      \/\/ Click Enable Scroll\r\n      google.maps.event.addListener(map, 'click', function (event) {\r\n          map.setOptions({scrollwheel: true})\r\n      });\r\n\r\n      google.maps.event.addListener(map, 'dragend', function (event) {\r\n          map.setOptions({scrollwheel: false})\r\n      });\r\n\r\n      google.maps.event.addListener(map, 'click', function(event){\r\n        this.setOptions({draggable:true });\r\n      });\r\n      google.maps.event.addListener(map, 'mouseout', function(event){\r\n       this.setOptions({scrollwheel:false, draggable:false});\r\n      });\r\n      google.maps.event.addListener(map, 'dblclick', function(event){\r\n       this.setOptions({scrollwheel:false, draggable:false});\r\n      });\r\n\r\n      \/\/ Hover Out Disable Scroll\r\n      map_canvas.onmouseout = function (event) {\r\n          map.setOptions({scrollwheel: false})\r\n      };\r\n\r\n\r\n      \/\/ Resize Event\r\n      jQuery(window).bind('afterresize', function (ev) {\r\n          map.panTo(50.2656219,18.9758666);\r\n      });\r\n  }\r\n\r\n  function colorToHex(color) {\r\n      if (color.substr(0, 1) === '#') {\r\n          return color;\r\n      }\r\n      var digits = \/(.*?)rgb\\((\\d+), (\\d+), (\\d+)\\)\/.exec(color);\r\n\r\n      var red = parseInt(digits[2]);\r\n      var green = parseInt(digits[3]);\r\n      var blue = parseInt(digits[4]);\r\n\r\n      var rgb = blue | (green << 8) | (red << 16);\r\n      return digits[1] + '#' + rgb.toString(16);\r\n  }\r\n\r\n\r\n  \/\/ When the window has finished loading create our google map below\r\n  google.maps.event.addDomListener(window, 'load', initialize);\r\n<\/script><\/div><\/div><\/div><\/div>","protected":false},"excerpt":{"rendered":"<p>Strony Aktualno\u015bci Deklaracja dost\u0119pno\u015bci Informacje dodatkowe Do pobrania FAQ Linki Wsp\u00f3\u0142praca Finansowanie Kontakt Mapa strony O ETV O nas O projekcie ETV4Water Oferta Finansowanie Nasza us\u0142uga Nasza us\u0142uga Panel klienta Polityka prywatno\u015bci Strona g\u0142\u00f3wna Zweryfikowane technologie Wpisy podzielone na kategorie Kategorie: Bez kategorii Dodatkowe punkty dla wnioskodawc\u00f3w programu NFO\u015aiGW \u201eInnowacje dla \u015arodowiska\u201d posiadaj\u0105cych \u015awiadectwo Weryfikacji ETV Komisja Europejska zamyka program EU ETV SAVE THE DATE: V Forum Interesariuszy ETV Nowy zakres akredytacji JWT\u015a-IETU JWT\u015a-IETU przed\u0142u\u017ca akredytacj\u0119 na kolejny cykl akredytacji tj. do 2024 roku Odwied\u017a nas na Targach Aquatech Amsterdam 2019 | 5-8 listopada 2019 Zapraszamy na prezentacje IETU na Targach POL-ECO-SYSTEM 2019 Nowe doniesienia ze \u015bwiata &#8211; VerifiGlobal Jak zbudowa\u0107 przewag\u0119 konkurencyjn\u0105 na rynku technologii wodno-\u015bciekowych dzi\u0119ki ETV\u2026 Zaproszenie na seminarium \u2013 Jak zbudowa\u0107 przewag\u0119 konkurencyjn\u0105 na rynku technologii wodno-\u015bciekowych dzi\u0119ki ETV Zaproszenie na szkolenie NFO\u015aiGW z mo\u017cliwo\u015bci pozyskania dofinansowania na weryfikacje innowacyjnych technologii ETV w ramach programu Sok\u00f3\u0142 Nowe doniesienia ze \u015bwiata &#8211; VerifiGlobal Zwi\u0119kszono dotacje dla przedsi\u0119biorc\u00f3w na \u015awiadectwa Weryfikacji innowacyjnych technologii Nowe doniesienia ze \u015bwiata &#8211; VerifiGlobal Proces weryfikacji technologii \u015brodowiskowych ju\u017c znormalizowany w Polsce Nowe doniesienia ze \u015bwiata &#8211; VerifiGlobal Us\u0142uga weryfikacji innowacyjnych technologii na Targach IFAT w Monachium JWT\u015a-IETU z ofert\u0105 weryfikacji technologii dla gospodarki wodno-\u015bciekowej w Chinach JWT\u015a IETU zaprezentuje ofert\u0119 weryfikacji technologii dla gospodarki wodno-\u015bciekowej w Chinach KWR Water Research Institute partnerem JWT\u015a IETU JWT\u015a-IETU cz\u0142onkiem VerifiGlobal Alliance JWT\u015a-IETU na targach Aqua Netherland 2018 | 13 marca \u2013 15 marca JWT\u015a-IETU na targach AQUATECH Amsterdam 2017 | 31 pa\u017adziernika \u2013 3 listopada Projekt ETV4Water Ju\u017c teraz w JWT\u015a-IETU zweryfikujesz technologi\u0119 do monitoringu wody i \u015bciek\u00f3w Wykorzystanie ETV w sektorze wodno-\u015bciekowym Polski i Norwegii Dofinansowanie do weryfikacji ETV ju\u017c dost\u0119pne Szkolenie z mo\u017cliwo\u015bci pozyskania dofinansowania na weryfikacj\u0119 innowacyjnej technologii w ramach ETV EU Relacja z Targ\u00f3w Wasser Berlin 2017 PIA Pr\u00fcfinstitut f\u00fcr Abwassertechnik GmbH z Niemiec partnerem JWT\u015a-IETU Odwied\u017a nas na Targach Wasser Berlin 28-31 marca 2017 JWT\u015a IETU na XII Konferencji Ochrony \u015arodowiska w Energetyce i Ciep\u0142ownictwie Publikacja normy ETV ISO 14034<\/p>\n","protected":false},"author":1,"featured_media":0,"parent":0,"menu_order":0,"comment_status":"closed","ping_status":"closed","template":"","meta":[],"_links":{"self":[{"href":"https:\/\/etv.ietu.pl\/en\/wp-json\/wp\/v2\/pages\/448\/"}],"collection":[{"href":"https:\/\/etv.ietu.pl\/en\/wp-json\/wp\/v2\/pages\/"}],"about":[{"href":"https:\/\/etv.ietu.pl\/en\/wp-json\/wp\/v2\/types\/page\/"}],"author":[{"embeddable":true,"href":"https:\/\/etv.ietu.pl\/en\/wp-json\/wp\/v2\/users\/1\/"}],"replies":[{"embeddable":true,"href":"https:\/\/etv.ietu.pl\/en\/wp-json\/wp\/v2\/comments\/?post=448"}],"version-history":[{"count":1,"href":"https:\/\/etv.ietu.pl\/en\/wp-json\/wp\/v2\/pages\/448\/revisions\/"}],"predecessor-version":[{"id":449,"href":"https:\/\/etv.ietu.pl\/en\/wp-json\/wp\/v2\/pages\/448\/revisions\/449\/"}],"wp:attachment":[{"href":"https:\/\/etv.ietu.pl\/en\/wp-json\/wp\/v2\/media\/?parent=448"}],"curies":[{"name":"wp","href":"https:\/\/api.w.org\/{rel}","templated":true}]}}