{"id":433,"date":"2016-12-30T14:12:17","date_gmt":"2016-12-30T13:12:17","guid":{"rendered":"http:\/\/www.etv.ietu.pl\/strona-glowna\/"},"modified":"2025-04-10T11:29:41","modified_gmt":"2025-04-10T09:29:41","slug":"strona-glowna","status":"publish","type":"page","link":"https:\/\/etv.ietu.pl\/en\/strona-glowna\/","title":{"rendered":"Home"},"content":{"rendered":"<div id=\"pl-433\"  class=\"panel-layout\" ><div id=\"pg-433-0\"  class=\"panel-grid panel-has-style\" ><div class=\"siteorigin-panels-stretch background_repeat bg-center panel-row-style panel-row-style-for-433-0\" data-stretch-type=\"full-stretched\" ><div id=\"pgc-433-0-0\"  class=\"panel-grid-cell\" ><div class=\"so-wrapper slick-slider-wrapper\" style=\"\">\r\n  <div class=\"slick-slider slick-slider-plugin\" style=\"display: none;\">\r\n          <div class=\"slick-item\">\r\n        <img width=\"1920\" height=\"555\" src=\"https:\/\/etv.ietu.pl\/wp-content\/uploads\/2025\/04\/baner_JWTS_IETU_1920x520-150dpi-01-1920x555.jpg\" class=\"img-responsive\" alt=\"\" loading=\"lazy\" \/>        <div class=\"slick-desc-wrapper\" style=\"background-image: url(https:\/\/etv.ietu.pl\/wp-content\/uploads\/2025\/04\/baner_JWTS_IETU_1920x520-150dpi-01-1920x555.jpg)\">\r\n          <div class=\"container\">\r\n            <div class=\"row\">\r\n              <div class=\"col-xs-12 col-sm-8 col-lg-7 slick-title\">\r\n                <h2>Prove<\/h2>\r\n\t\t\t\t        <h3>your green technology performs (ETV)<\/h3>\r\n              <\/div>\r\n            <\/div>\r\n            <div class=\"row\">\r\n              <div class=\"col-xs-10 col-md-6 col-lg-5 slick-desc\">\r\n                <p><strong>We verify the performance and resulting environmental benefits of innovative technologies in the areas of water and wastewater management, materials, waste, resources, and energy technologies, in accordance with ISO 14034.<\/strong><\/p>\n                              <\/div>\r\n            <\/div>\r\n          <\/div>\r\n        <\/div>\r\n      <\/div>\r\n      <\/div>\r\n  <div class=\"slick-nav-wrapper\">\r\n    <div class=\"container\">\r\n      <div class=\"prev\"><i class=\"fa fa-chevron-left\" aria-hidden=\"true\"><\/i><\/div>\r\n      <div class=\"next\"><i class=\"fa fa-chevron-right\" aria-hidden=\"true\"><\/i><\/div>\r\n    <\/div>\r\n  <\/div>\r\n<\/div>\r\n<script type=\"text\/javascript\">\r\n  jQuery(document).ready(function(){\r\n    jQuery('.slick-slider-plugin').on('init', function(slick) {\r\n      console.log('fired!');\r\n      jQuery('.slick-slider-plugin').fadeIn(1000);\r\n    }).slick({\r\n      adaptiveHeight:false,\r\n      autoplay: false,\r\n      autoplaySpeed: 2000,\r\n      lazyLoad: 'progressive',\r\n      slidesToShow: 1,\r\n      infinite: true,\r\n      dots: false,\r\n      arrows: false,\r\n      prevArrow: $('.slick-nav-wrapper .prev'),\r\n      nextArrow: $('.slick-nav-wrapper .next')\r\n    });\r\n    jQuery('.slick-nav-wrapper .prev').click(function(){\r\n      jQuery('.slick-slider-plugin').slick('slickPrev');\r\n    })\r\n\r\n    jQuery('.slick-nav-wrapper .next').click(function(){\r\n      jQuery('.slick-slider-plugin').slick('slickNext');\r\n    })\r\n  });\r\n<\/script>\r\n<div class=\"so-wrapper custom-menu \" style=\"\">\r\n  <div class=\"container szybki_dostep\">\r\n    <div class=\"row\">\r\n               <div class=\"col-xs-8 col-md-2\">\r\n         <h5>Szybki dost\u0119p<\/h5>\r\n        <\/div>\r\n        <div class=\"col-xs-4 col-md-10 hidden-md hidden-lg\">\r\n          <div class=\"main-nav-toggle\">\r\n            <button type=\"button\" id=\"main-nav-toggle\" class=\"navbar-toggle\" data-toggle=\"collapse\" data-target=\"#main-nav-961\">\r\n              <span class=\"icon-bar\"><\/span>\r\n              <span class=\"icon-bar\"><\/span>\r\n              <span class=\"icon-bar\"><\/span>\r\n            <\/button>\r\n          <\/div>\r\n        <\/div>\r\n\t\t<div class=\"collapse navbar-collapse\" id=\"main-nav-961\">\r\n\t\t\r\n\t\t\t<div class=\"col-xs-12 col-md-5 col-lg-offset-2 col-md-offset-1\">\r\n\t\t\t  <div class=\"main-nav border_right\">\r\n\r\n\t\t\t\t  <nav class=\"clearfix\"><ul id=\"menu-menu-informacje\" class=\"nav navbar-nav\"><li id=\"menu-item-90\" class=\"menu-item menu-item-type-post_type menu-item-object-page menu-item-90\"><a title=\"Polityka prywatno\u015bci\" href=\"https:\/\/etv.ietu.pl\/polityka-prywatnosci\/\">Polityka prywatno\u015bci<\/a><\/li>\n<li id=\"menu-item-89\" class=\"menu-item menu-item-type-post_type menu-item-object-page menu-item-89\"><a title=\"Mapa strony\" href=\"https:\/\/etv.ietu.pl\/mapa-strony\/\">Mapa strony<\/a><\/li>\n<li id=\"menu-item-1634\" class=\"menu-item menu-item-type-post_type menu-item-object-page menu-item-1634\"><a title=\"Deklaracja dost\u0119pno\u015bci\" href=\"https:\/\/etv.ietu.pl\/deklaracja-dostepnosci\/\">Deklaracja dost\u0119pno\u015bci<\/a><\/li>\n<\/ul><\/nav>\t\t\t  <\/div>\r\n\t\t\t<\/div>\r\n\t\t\t\r\n\t\t\t<div class=\"col-xs-12 col-md-4 col-lg-3\">\r\n\t\t\t  <div class=\"main-nav\">\r\n\t\t\t  \r\n\t\t\t\t\r\n\t\t\t\t  <nav class=\"clearfix\"><ul id=\"menu-menu-informacje-1\" class=\"nav navbar-nav\"><li class=\"menu-item menu-item-type-post_type menu-item-object-page menu-item-90\"><a title=\"Polityka prywatno\u015bci\" href=\"https:\/\/etv.ietu.pl\/polityka-prywatnosci\/\">Polityka prywatno\u015bci<\/a><\/li>\n<li class=\"menu-item menu-item-type-post_type menu-item-object-page menu-item-89\"><a title=\"Mapa strony\" href=\"https:\/\/etv.ietu.pl\/mapa-strony\/\">Mapa strony<\/a><\/li>\n<li class=\"menu-item menu-item-type-post_type menu-item-object-page menu-item-1634\"><a title=\"Deklaracja dost\u0119pno\u015bci\" href=\"https:\/\/etv.ietu.pl\/deklaracja-dostepnosci\/\">Deklaracja dost\u0119pno\u015bci<\/a><\/li>\n<\/ul><\/nav>\t\t\t\t\r\n\t\t\t  <\/div>\r\n\t\t\t<\/div>\r\n        <\/div>\r\n            <\/div>\r\n  <\/div>\r\n<\/div>\r\n<\/div><\/div><\/div><div id=\"pg-433-1\"  class=\"panel-grid panel-has-style\" ><div class=\"background_repeat bg-center panel-row-style panel-row-style-for-433-1\" ><div id=\"pgc-433-1-0\"  class=\"panel-grid-cell\" ><div class=\"so-wrapper special-title  h-left\" style=\"\">\r\n\r\n\r\n\r\n    <h2><i class=\"fa fa-square\" aria-hidden=\"true\"><\/i> Meet ETV<\/h2><\/div>\r\n<\/div><\/div><\/div><div id=\"pg-433-2\"  class=\"panel-grid panel-has-style\" ><div class=\"siteorigin-panels-stretch background_repeat bg-center panel-row-style panel-row-style-for-433-2\" data-stretch-type=\"full-stretched\" ><div id=\"pgc-433-2-0\"  class=\"panel-grid-cell panel-grid-cell-empty\" ><\/div><div id=\"pgc-433-2-1\"  class=\"panel-grid-cell\" ><div id=\"panel-433-2-1-0\" class=\"so-panel widget widget_media_video panel-first-child panel-last-child\" data-index=\"3\" ><h3 class=\"widget-title\">ETV Introduction<\/h3><div style=\"width:100%;\" class=\"wp-video\"><!--[if lt IE 9]><script>document.createElement('video');<\/script><![endif]-->\n<video class=\"wp-video-shortcode\" id=\"video-433-1\" preload=\"metadata\" controls=\"controls\"><source type=\"video\/youtube\" src=\"https:\/\/youtu.be\/8p5J8HOHANI?_=1\" \/><a href=\"https:\/\/youtu.be\/8p5J8HOHANI\">https:\/\/youtu.be\/8p5J8HOHANI<\/a><\/video><\/div><\/div><\/div><div id=\"pgc-433-2-2\"  class=\"panel-grid-cell\" ><div id=\"panel-433-2-2-0\" class=\"so-panel widget widget_media_video panel-first-child panel-last-child\" data-index=\"4\" ><h3 class=\"widget-title\">Presentation of the ETV process<\/h3><div style=\"width:100%;\" class=\"wp-video\"><video class=\"wp-video-shortcode\" id=\"video-433-2\" preload=\"metadata\" controls=\"controls\"><source type=\"video\/youtube\" src=\"https:\/\/youtu.be\/mcH-QAAiqhI?_=2\" \/><a href=\"https:\/\/youtu.be\/mcH-QAAiqhI\">https:\/\/youtu.be\/mcH-QAAiqhI<\/a><\/video><\/div><\/div><\/div><div id=\"pgc-433-2-3\"  class=\"panel-grid-cell panel-grid-cell-mobile-last\" ><div id=\"panel-433-2-3-0\" class=\"so-panel widget widget_media_video panel-first-child panel-last-child\" data-index=\"5\" ><h3 class=\"widget-title\">ETV benefits<\/h3><div style=\"width:100%;\" class=\"wp-video\"><video class=\"wp-video-shortcode\" id=\"video-433-3\" preload=\"metadata\" controls=\"controls\"><source type=\"video\/youtube\" src=\"https:\/\/youtu.be\/c3OJhJtBECo?_=3\" \/><a href=\"https:\/\/youtu.be\/c3OJhJtBECo\">https:\/\/youtu.be\/c3OJhJtBECo<\/a><\/video><\/div><\/div><\/div><div id=\"pgc-433-2-4\"  class=\"panel-grid-cell panel-grid-cell-empty\" ><\/div><\/div><\/div><div id=\"pg-433-3\"  class=\"panel-grid panel-has-style\" ><div class=\"background_repeat bg-center panel-row-style panel-row-style-for-433-3\" ><div id=\"pgc-433-3-0\"  class=\"panel-grid-cell\" ><div class=\"so-wrapper aktualnosci-wrapper content-black\" style=\"\">\r\n    <div class=\"row\">\r\n    <div class=\"col-xs-12\">\r\n      <div class=\"special-title h-left h-green\">\r\n        <h2>Aktualno\u015bci<\/h2>\r\n      <\/div>\r\n    <\/div>\r\n  <\/div>\r\n  <div class=\"row\">\r\n  <article class=\"aktualnosc-1 col-xs-12\"> <a href=\"https:\/\/etv.ietu.pl\/dodatkowe-punkty-dla-wnioskodawcow-programu-nfosigw-innowacje-dla-srodowiska-posiadajacych-swiadectwo-weryfikacji-etv\/\" title=\"Dodatkowe punkty dla wnioskodawc\u00f3w programu NFO\u015aiGW \u201eInnowacje dla \u015arodowiska\u201d posiadaj\u0105cych \u015awiadectwo Weryfikacji ETV\"><h3>Dodatkowe punkty dla wnioskodawc\u00f3w programu NFO\u015aiGW \u201eInnowacje dla \u015arodowiska\u201d posiadaj\u0105cych \u015awiadectwo Weryfikacji ETV<\/h3><p>Narodowy Fundusz Ochrony \u015arodowiska i Gospodarki Wodnej (NFO\u015aiGW) uruchomi\u0142 nowy program finansowy pn. \u201eInnowacje dla \u015arodowiska\u201d o bud\u017cecie 2 mld. z\u0142, na wsparcie projekt\u00f3w zwi\u0105zanych z ochron\u0105 \u015brodowiska oraz popraw\u0105 jako\u015bci powietrza, wody i gleby poprzez wdro\u017cenie nowoczesnych rozwi\u0105za\u0144 technologicznych.\nCelem programu jest wykorzystanie innowacyjnych technologii, kt\u00f3re przyczyni\u0105 si\u0119 do realizacji cel\u00f3w Europejskiego Zielonego \u0141adu, w tym neutralno\u015bci klimatycznej, zielonej&nbsp;...<\/p><div class=\"read-more-wrapper clearfix text-right\"><span class=\"read-more\">zobacz wi\u0119cej<\/span><\/div><\/a><\/article> <div class=\"row-eq-height\"> <article class=\"col-xs-12 col-sm-12 col-md-6\" > <a href=\"https:\/\/etv.ietu.pl\/komisja-europejska-zamyka-program-eu-etv\/\" title=\"Komisja Europejska zamyka program EU ETV\"><h3>Komisja Europejska zamyka program EU ETV<\/h3><p>W listopadzie 2022 r. Komisja Europejska podj\u0119\u0142a decyzj\u0119 o zamkni\u0119ciu Programu Weryfikacji Technologii \u015arodowiskowych Unii Europejskiej (EU ETV). Oznacza to, \u017ce ETV przestaje funkcjonowa\u0107, jako&nbsp;...<\/p><div class=\"read-more-wrapper clearfix text-right\"><span class=\"read-more\">zobacz wi\u0119cej<\/span><\/div><\/a><\/article> <article class=\"col-xs-12 col-sm-12 col-md-6\" > <a href=\"https:\/\/etv.ietu.pl\/save-the-date-v-forum-interesariuszy-etv\/\" title=\"SAVE THE DATE: V Forum Interesariuszy ETV\"><h3>SAVE THE DATE: V Forum Interesariuszy ETV<\/h3><p>Szanowny Panie\/Szanowna Pani!\nW imieniu Konsorcjum Projektu www.LIFEproETV.eu serdecznie zapraszamy na konferencj\u0119 5th ETV Stakeholder Forum \u201cDe-risking the adoption of green technologies for a&nbsp;...<\/p><div class=\"read-more-wrapper clearfix text-right\"><span class=\"read-more\">zobacz wi\u0119cej<\/span><\/div><\/a><\/article> <\/div>   <\/div>\r\n\t<div class=\"row\">\r\n\t\t<div class=\"col-xs-12 aktualnosci_zobacz_wiecej\">\r\n\t\t\t<a href=\"https:\/\/etv.ietu.pl\/en\/\/aktualnosci\"><i class=\"fa fa-plus-circle\" aria-hidden=\"true\"><\/i>Zobacz wi\u0119cej aktualno\u015bci<\/a>\r\n\t\t<\/div>\r\n\t<\/div>\r\n<\/div>\r\n<\/div><div id=\"pgc-433-3-1\"  class=\"panel-grid-cell panel-grid-cell-empty\" ><\/div><div id=\"pgc-433-3-2\"  class=\"panel-grid-cell\" ><div class=\"so-wrapper panel-klienta\" style=\"\">\r\n   <h4>Panel klienta<\/h4>\r\n       <form id=\"login\" action=\"login\" method=\"post\">\r\n\r\n      <p class=\"status\"><\/p>\r\n\r\n      <div class=\"form-group\">\r\n        <input class=\"form-control width100 bottom-10\" placeholder=\"login\" id=\"username\" type=\"text\" name=\"username\">\r\n      <\/div>\r\n\r\n      <div class=\"form-group\">\r\n      <input class=\"form-control width100 bottom-10\" placeholder=\"has\u0142o\" id=\"password\" type=\"password\" name=\"password\">\r\n      <\/div>\r\n\r\n      <div class=\"form-group\">\r\n      <button type=\"submit\" class=\"btn btn-default width100\">zaloguj si\u0119<\/button>\r\n      <\/div>\r\n\r\n      <input type=\"hidden\" id=\"security\" name=\"security\" value=\"19545d6edb\" \/><input type=\"hidden\" name=\"_wp_http_referer\" value=\"\/en\/wp-json\/wp\/v2\/pages\/433\/\" \/>    <\/form>\r\n    <\/div>\r\n<div class=\"so-wrapper textwidget content-black\" style=\"\">\r\n    <p><img class=\"wp-image-244 aligncenter\" src=\"https:\/\/etv.ietu.pl\/wp-content\/uploads\/2017\/02\/AK026.png\" alt=\"\" width=\"115\" height=\"196\" \/><\/p>\n<p><img class=\"wp-image-215 size-full aligncenter\" src=\"https:\/\/etv.ietu.pl\/wp-content\/uploads\/2016\/12\/ietu-logo.png\" alt=\"\" width=\"132\" height=\"123\" \/><br \/>\n<a href=\"https:\/\/etv-hub.eu\/\"><br \/>\n<img class=\"aligncenter wp-image-1817\" src=\"https:\/\/etv.ietu.pl\/wp-content\/uploads\/2025\/04\/ETV_HUB_LOGOTYPE_COLOR-570x524.png\" alt=\"\" width=\"134\" height=\"123\" \/><\/a><\/p>\n<p><a href=\"https:\/\/www.verifiglobal.com\/en\"><br \/>\n<\/a><a href=\"https:\/\/www.verifiglobal.com\/en\"><img class=\"aligncenter wp-image-2052\" src=\"https:\/\/etv.ietu.pl\/wp-content\/uploads\/2025\/04\/VerifyGlobal_logo-570x214.jpg\" alt=\"\" width=\"150\" height=\"56\" \/><\/a><\/p>\n<p><a href=\"https:\/\/lifeproetv.eu\/\"><img class=\"aligncenter wp-image-2054\" src=\"https:\/\/etv.ietu.pl\/wp-content\/uploads\/2025\/04\/LifeProETV_logo_RGB_wider-570x292.png\" alt=\"\" width=\"250\" height=\"77\" \/><\/a><\/p>\n<\/div>\r\n<\/div><\/div><\/div><div id=\"pg-433-4\"  class=\"panel-grid panel-has-style\" ><div class=\"siteorigin-panels-stretch background_repeat bg-center panel-row-style panel-row-style-for-433-4\" data-stretch-type=\"full-stretched\" ><div id=\"pgc-433-4-0\"  class=\"panel-grid-cell\" >\r\n<div id=\"map\" style=\" min-height:500px; \"><\/div>\r\n\r\n<script type=\"text\/javascript\" src=\"https:\/\/maps.googleapis.com\/maps\/api\/js?key=AIzaSyDVH9EiY1ZS3hpniXMF3KkaT9c_eBa7vNQ\"><\/script>\r\n<script type=\"text\/javascript\">\r\n  function initialize() {\r\n      var block_bg = colorToHex('#FFFFFF'),\r\n              map_data = jQuery(\"#map-canvas\").data(),\r\n\r\n              map_canvas = document.getElementById('map'),\r\n              pos = new google.maps.LatLng(50.2656219,18.9758666),\r\n\r\n              map_type = 'roadmap' == 'hybrid' ? google.maps.MapTypeId.HYBRID : google.maps.MapTypeId.ROADMAP,\r\n\r\n              map = new google.maps.Map(map_canvas, {\r\n                  center: pos,\r\n                  zoom: 15,\r\n                 \/\/ mapTypeId: map_type,\r\n                  scaleControl: false,\r\n                  zoomControl: false,\r\n                  panControl: false,\r\n                  overviewMapControl: false,\r\n                  scrollwheel: false,\r\n                  draggable: false,\r\n                  navigationControl: false,\r\n                  mapTypeControl: false,\r\n                  scaleControl: false,\r\n                  disableDoubleClickZoom: true\r\n              }),\r\n              grayscale =[{\"featureType\":\"all\",\"elementType\":\"labels.text.fill\",\"stylers\":[{\"saturation\":36},{\"color\":\"#000000\"},{\"lightness\":40}]},{\"featureType\":\"all\",\"elementType\":\"labels.text.stroke\",\"stylers\":[{\"visibility\":\"on\"},{\"color\":\"#000000\"},{\"lightness\":16}]},{\"featureType\":\"all\",\"elementType\":\"labels.icon\",\"stylers\":[{\"visibility\":\"off\"}]},{\"featureType\":\"administrative\",\"elementType\":\"geometry.fill\",\"stylers\":[{\"color\":\"#000000\"},{\"lightness\":20}]},{\"featureType\":\"administrative\",\"elementType\":\"geometry.stroke\",\"stylers\":[{\"color\":\"#000000\"},{\"lightness\":17},{\"weight\":1.2}]},{\"featureType\":\"landscape\",\"elementType\":\"geometry\",\"stylers\":[{\"color\":\"#000000\"},{\"lightness\":20}]},{\"featureType\":\"poi\",\"elementType\":\"geometry\",\"stylers\":[{\"color\":\"#000000\"},{\"lightness\":21}]},{\"featureType\":\"road.highway\",\"elementType\":\"geometry.fill\",\"stylers\":[{\"color\":\"#000000\"},{\"lightness\":17}]},{\"featureType\":\"road.highway\",\"elementType\":\"geometry.stroke\",\"stylers\":[{\"color\":\"#000000\"},{\"lightness\":29},{\"weight\":0.2}]},{\"featureType\":\"road.arterial\",\"elementType\":\"geometry\",\"stylers\":[{\"color\":\"#000000\"},{\"lightness\":18}]},{\"featureType\":\"road.local\",\"elementType\":\"geometry\",\"stylers\":[{\"color\":\"#000000\"},{\"lightness\":16}]},{\"featureType\":\"transit\",\"elementType\":\"geometry\",\"stylers\":[{\"color\":\"#000000\"},{\"lightness\":19}]},{\"featureType\":\"water\",\"elementType\":\"geometry\",\"stylers\":[{\"color\":\"#000000\"},{\"lightness\":17}]},{\"featureType\":\"poi\",\"elementType\":\"all\",\"stylers\":[{\"visibility\":\"off\"}]}],\r\n              mapType = new google.maps.StyledMapType(grayscale, {name: \"Grayscale Map\"});\r\n\r\n      if (!jQuery('.block_bg_color').hasClass('no_map_styling')) {\r\n          map.mapTypes.set('grayscale', mapType);\r\n          map.setMapTypeId('grayscale');\r\n      }\r\n\r\n\r\n      \/\/ Marker\r\n      var marker = new google.maps.Marker({\r\n          position: new google.maps.LatLng(50.2656219,18.9758666),\r\n          map: map,\r\n          title: 'JWT\u015a',\r\n          icon: 'https:\/\/etv.ietu.pl\/wp-content\/themes\/jwts-2016\/img\/pin.png'\r\n      });\r\n\r\n      \/\/ Click Enable Scroll\r\n      google.maps.event.addListener(map, 'click', function (event) {\r\n          map.setOptions({scrollwheel: true})\r\n      });\r\n\r\n      google.maps.event.addListener(map, 'dragend', function (event) {\r\n          map.setOptions({scrollwheel: false})\r\n      });\r\n\r\n      google.maps.event.addListener(map, 'click', function(event){\r\n        this.setOptions({draggable:true });\r\n      });\r\n      google.maps.event.addListener(map, 'mouseout', function(event){\r\n       this.setOptions({scrollwheel:false, draggable:false});\r\n      });\r\n      google.maps.event.addListener(map, 'dblclick', function(event){\r\n       this.setOptions({scrollwheel:false, draggable:false});\r\n      });\r\n\r\n      \/\/ Hover Out Disable Scroll\r\n      map_canvas.onmouseout = function (event) {\r\n          map.setOptions({scrollwheel: false})\r\n      };\r\n\r\n\r\n      \/\/ Resize Event\r\n      jQuery(window).bind('afterresize', function (ev) {\r\n          map.panTo(50.2656219,18.9758666);\r\n      });\r\n  }\r\n\r\n  function colorToHex(color) {\r\n      if (color.substr(0, 1) === '#') {\r\n          return color;\r\n      }\r\n      var digits = \/(.*?)rgb\\((\\d+), (\\d+), (\\d+)\\)\/.exec(color);\r\n\r\n      var red = parseInt(digits[2]);\r\n      var green = parseInt(digits[3]);\r\n      var blue = parseInt(digits[4]);\r\n\r\n      var rgb = blue | (green << 8) | (red << 16);\r\n      return digits[1] + '#' + rgb.toString(16);\r\n  }\r\n\r\n\r\n  \/\/ When the window has finished loading create our google map below\r\n  google.maps.event.addDomListener(window, 'load', initialize);\r\n<\/script><\/div><\/div><\/div><\/div>","protected":false},"excerpt":{"rendered":"","protected":false},"author":1,"featured_media":0,"parent":0,"menu_order":0,"comment_status":"closed","ping_status":"open","template":"","meta":[],"_links":{"self":[{"href":"https:\/\/etv.ietu.pl\/en\/wp-json\/wp\/v2\/pages\/433\/"}],"collection":[{"href":"https:\/\/etv.ietu.pl\/en\/wp-json\/wp\/v2\/pages\/"}],"about":[{"href":"https:\/\/etv.ietu.pl\/en\/wp-json\/wp\/v2\/types\/page\/"}],"author":[{"embeddable":true,"href":"https:\/\/etv.ietu.pl\/en\/wp-json\/wp\/v2\/users\/1\/"}],"replies":[{"embeddable":true,"href":"https:\/\/etv.ietu.pl\/en\/wp-json\/wp\/v2\/comments\/?post=433"}],"version-history":[{"count":26,"href":"https:\/\/etv.ietu.pl\/en\/wp-json\/wp\/v2\/pages\/433\/revisions\/"}],"predecessor-version":[{"id":2057,"href":"https:\/\/etv.ietu.pl\/en\/wp-json\/wp\/v2\/pages\/433\/revisions\/2057\/"}],"wp:attachment":[{"href":"https:\/\/etv.ietu.pl\/en\/wp-json\/wp\/v2\/media\/?parent=433"}],"curies":[{"name":"wp","href":"https:\/\/api.w.org\/{rel}","templated":true}]}}